{"id":2,"date":"2023-12-13T09:46:29","date_gmt":"2023-12-13T09:46:29","guid":{"rendered":"http:\/\/tallerrevaymr.com\/?page_id=2"},"modified":"2024-04-15T15:01:14","modified_gmt":"2024-04-15T15:01:14","slug":"taller-serveis-i-reparacions","status":"publish","type":"page","link":"https:\/\/tallerrevaymr.com\/es\/","title":{"rendered":"INICIO"},"content":{"rendered":"<p style=\"color: white;\">El nostre taller situat a lli\u00e7\u00e0 de vall, ens permet oferir un servei excel\u00b7lent, ja que al nostre taller ens preocupem per la qualitat, la t\u00e8cnica i el m\u00e9s important, la satisfacci\u00f3 del nostre client.<\/p>\n\n\n<p><\/p>\n\n\n\n<h2 class=\"wp-block-heading\">SOBRE NOSALTRES<\/h2>\n\n\n\n<p><\/p>\n\n\n<p style=\"color: white;\">\u00bfEst\u00e1s buscando un servicio mec\u00e1nico de calidad y que ofrezca todas las garant\u00edas?<\/p>\n<p>Nosaltres tenim una \u00e0mplia experi\u00e8ncia resolent avaries, anomalies, problemes mec\u00e0nics de qualsevol component de vehicles.<\/p>\n<p>El nostre taller acumula una experi\u00e8ncia en el sector de l\u2019automoci\u00f3 amb m\u00e9s de 25 anys d\u2019experi\u00e8ncia al servei de la reparaci\u00f3 del autom\u00f2bil.<\/p>\n<p>Cuidem els cotxes tant l\u2019interior com l\u2019exterior, sempre donant el millor tracte al client amb el suport del departament d\u2019administraci\u00f3 que informa, pressuposta i aconsella\u00a0 al detall les millors opcions pel teu vehicle.<\/p>\n\n\n<p><\/p>\n\n\n\n<h2 class=\"wp-block-heading\">Servicios<\/h2>\n\n\n<p style=\"color:white;\">Disposem d\u2019un departament d\u2019administraci\u00f3 on et proporcionaran un assessorament personalitzat.<br \/>A m\u00e9s si est\u00e0s interessat a canviar d\u2019asseguran\u00e7a de vehicle et&nbsp;donem&nbsp;facilitats i la informaci\u00f3 necess\u00e0ria per fer el tr\u00e0mit.<\/p>\n\n\n<p><strong><em><a href=\"https:\/\/nova.tallerrevaymr.com\/index.php\/planxa\" target=\"_blank\" rel=\"noreferrer noopener\">PLANCHA<\/a><\/em><\/strong><\/p>\n\n\n\n<p><strong><em><a href=\"https:\/\/nova.tallerrevaymr.com\/index.php\/pintura-2\" data-type=\"link\" data-id=\"https:\/\/nova.tallerrevaymr.com\/PINTURA\" target=\"_blank\" rel=\"noreferrer noopener\">PINTURA<\/a><\/em><\/strong><\/p>\n\n\n\n<p><strong><em><a href=\"https:\/\/nova.tallerrevaymr.com\/#TALLERMECANIC\">TALLER MEC\u00c1NICO<\/a><\/em><\/strong><\/p>\n\n\n\n<p><strong><em><a href=\"https:\/\/nova.tallerrevaymr.com\/#FARS\">PULIDO DE FAROS<\/a><\/em><\/strong><\/p>\n\n\n\n<p><strong><em><a href=\"https:\/\/nova.tallerrevaymr.com\/#PNEUMATICS\">NEUM\u00c1TICOS<\/a><\/em><\/strong><\/p>\n\n\n\n<p><strong><em><a href=\"https:\/\/nova.tallerrevaymr.com\/#FRENS\">CANVI I REVISI\u00d3 DE FRENS<\/a><\/em><\/strong><\/p>\n\n\n\n<p><strong><em><a href=\"https:\/\/nova.tallerrevaymr.com\/#AMORTIGUADORS\">REPARACI\u00d3 DE SUSPENSI\u00d3 I CANVI D\u2019AMORTIGUADORS<\/a><\/em><\/strong><\/p>","protected":false},"excerpt":{"rendered":"<p>El nostre taller situat a lli\u00e7\u00e0 de vall, ens permet oferir un servei excel\u00b7lent, ja que al nostre taller ens preocupem per la qualitat, la t\u00e8cnica i el m\u00e9s important, la satisfacci\u00f3 del nostre client. SOBRE NOSALTRES Est\u00e0s buscant un servei mec\u00e0nic de qualitat i que ofereixi totes les garanties? Nosaltres tenim una \u00e0mplia experi\u00e8ncia resolent avaries, anomalies, problemes mec\u00e0nics de qualsevol component de vehicles. El nostre taller acumula una experi\u00e8ncia en el sector de l\u2019automoci\u00f3 amb m\u00e9s de 25 anys d\u2019experi\u00e8ncia al servei de la reparaci\u00f3 del autom\u00f2bil. Cuidem els cotxes tant l\u2019interior com l\u2019exterior, sempre donant el millor<\/p>","protected":false},"author":1,"featured_media":101,"parent":0,"menu_order":0,"comment_status":"closed","ping_status":"closed","template":"","meta":{"footnotes":""},"class_list":["post-2","page","type-page","status-publish","has-post-thumbnail","hentry"],"yoast_head":"<!-- This site is optimized with the Yoast SEO plugin v22.4 - https:\/\/yoast.com\/wordpress\/plugins\/seo\/ -->\n<title>Taller Mec\u00e0nic Lli\u00e7\u00e0 de Vall, serveis, reparacions, revisions i m\u00e9s<\/title>\n<meta name=\"description\" content=\"Taller mec\u00e0nic amb una \u00e0mplia varietat de serveis de reparaci\u00f3 de vehicles, mec\u00e0nica , xapa, pintura, electricitat i neum\u00e0tics\" \/>\n<meta name=\"robots\" content=\"index, follow, max-snippet:-1, max-image-preview:large, max-video-preview:-1\" \/>\n<link rel=\"canonical\" href=\"https:\/\/tallerrevaymr.com\/es\/\" \/>\n<meta property=\"og:locale\" content=\"es_ES\" \/>\n<meta property=\"og:type\" content=\"article\" \/>\n<meta property=\"og:title\" content=\"Taller Mec\u00e0nic Lli\u00e7\u00e0 de Vall, serveis, reparacions, revisions i m\u00e9s\" \/>\n<meta property=\"og:description\" content=\"Taller mec\u00e0nic amb una \u00e0mplia varietat de serveis de reparaci\u00f3 de vehicles, mec\u00e0nica , xapa, pintura, electricitat i neum\u00e0tics\" \/>\n<meta property=\"og:url\" content=\"https:\/\/tallerrevaymr.com\/es\/\" \/>\n<meta property=\"og:site_name\" content=\"tallerrevaymr.com\" \/>\n<meta property=\"article:modified_time\" content=\"2024-04-15T15:01:14+00:00\" \/>\n<meta property=\"og:image\" content=\"https:\/\/tallerrevaymr.com\/wp-content\/uploads\/2023\/12\/golf-R32-2.jpg\" \/>\n\t<meta property=\"og:image:width\" content=\"2048\" \/>\n\t<meta property=\"og:image:height\" content=\"1156\" \/>\n\t<meta property=\"og:image:type\" content=\"image\/jpeg\" \/>\n<meta name=\"twitter:card\" content=\"summary_large_image\" \/>\n<meta name=\"twitter:label1\" content=\"Tiempo de lectura\" \/>\n\t<meta name=\"twitter:data1\" content=\"2 minutos\" \/>\n<script type=\"application\/ld+json\" class=\"yoast-schema-graph\">{\"@context\":\"https:\/\/schema.org\",\"@graph\":[{\"@type\":\"WebPage\",\"@id\":\"https:\/\/tallerrevaymr.com\/\",\"url\":\"https:\/\/tallerrevaymr.com\/\",\"name\":\"Taller Mec\u00e0nic Lli\u00e7\u00e0 de Vall, serveis, reparacions, revisions i m\u00e9s\",\"isPartOf\":{\"@id\":\"https:\/\/tallerrevaymr.com\/#website\"},\"primaryImageOfPage\":{\"@id\":\"https:\/\/tallerrevaymr.com\/#primaryimage\"},\"image\":{\"@id\":\"https:\/\/tallerrevaymr.com\/#primaryimage\"},\"thumbnailUrl\":\"https:\/\/tallerrevaymr.com\/wp-content\/uploads\/2023\/12\/golf-R32-2.jpg\",\"datePublished\":\"2023-12-13T09:46:29+00:00\",\"dateModified\":\"2024-04-15T15:01:14+00:00\",\"description\":\"Taller mec\u00e0nic amb una \u00e0mplia varietat de serveis de reparaci\u00f3 de vehicles, mec\u00e0nica , xapa, pintura, electricitat i neum\u00e0tics\",\"breadcrumb\":{\"@id\":\"https:\/\/tallerrevaymr.com\/#breadcrumb\"},\"inLanguage\":\"es\",\"potentialAction\":[{\"@type\":\"ReadAction\",\"target\":[\"https:\/\/tallerrevaymr.com\/\"]}]},{\"@type\":\"ImageObject\",\"inLanguage\":\"es\",\"@id\":\"https:\/\/tallerrevaymr.com\/#primaryimage\",\"url\":\"https:\/\/tallerrevaymr.com\/wp-content\/uploads\/2023\/12\/golf-R32-2.jpg\",\"contentUrl\":\"https:\/\/tallerrevaymr.com\/wp-content\/uploads\/2023\/12\/golf-R32-2.jpg\",\"width\":2048,\"height\":1156},{\"@type\":\"BreadcrumbList\",\"@id\":\"https:\/\/tallerrevaymr.com\/#breadcrumb\",\"itemListElement\":[{\"@type\":\"ListItem\",\"position\":1,\"name\":\"Portada\",\"item\":\"https:\/\/tallerrevaymr.com\/\"},{\"@type\":\"ListItem\",\"position\":2,\"name\":\"INICI\"}]},{\"@type\":\"WebSite\",\"@id\":\"https:\/\/tallerrevaymr.com\/#website\",\"url\":\"https:\/\/tallerrevaymr.com\/\",\"name\":\"tallerrevaymr.com\",\"description\":\"Taller Mec\u00e0nic Amb Una \u00c0mplia Varietat De Serveis De Reparaci\u00f3 De Vehicles\",\"publisher\":{\"@id\":\"https:\/\/tallerrevaymr.com\/#organization\"},\"potentialAction\":[{\"@type\":\"SearchAction\",\"target\":{\"@type\":\"EntryPoint\",\"urlTemplate\":\"https:\/\/tallerrevaymr.com\/?s={search_term_string}\"},\"query-input\":\"required name=search_term_string\"}],\"inLanguage\":\"es\"},{\"@type\":\"Organization\",\"@id\":\"https:\/\/tallerrevaymr.com\/#organization\",\"name\":\"tallerrevaymr\",\"url\":\"https:\/\/tallerrevaymr.com\/\",\"logo\":{\"@type\":\"ImageObject\",\"inLanguage\":\"es\",\"@id\":\"https:\/\/tallerrevaymr.com\/#\/schema\/logo\/image\/\",\"url\":\"https:\/\/tallerrevaymr.com\/wp-content\/uploads\/2024\/02\/cropped-TALLER-REVAY-1.png\",\"contentUrl\":\"https:\/\/tallerrevaymr.com\/wp-content\/uploads\/2024\/02\/cropped-TALLER-REVAY-1.png\",\"width\":282,\"height\":131,\"caption\":\"tallerrevaymr\"},\"image\":{\"@id\":\"https:\/\/tallerrevaymr.com\/#\/schema\/logo\/image\/\"}}]}<\/script>\n<!-- \/ Yoast SEO plugin. -->","yoast_head_json":{"title":"Taller Mec\u00e0nic Lli\u00e7\u00e0 de Vall, serveis, reparacions, revisions i m\u00e9s","description":"Taller mec\u00e0nic amb una \u00e0mplia varietat de serveis de reparaci\u00f3 de vehicles, mec\u00e0nica , xapa, pintura, electricitat i neum\u00e0tics","robots":{"index":"index","follow":"follow","max-snippet":"max-snippet:-1","max-image-preview":"max-image-preview:large","max-video-preview":"max-video-preview:-1"},"canonical":"https:\/\/tallerrevaymr.com\/es\/","og_locale":"es_ES","og_type":"article","og_title":"Taller Mec\u00e0nic Lli\u00e7\u00e0 de Vall, serveis, reparacions, revisions i m\u00e9s","og_description":"Taller mec\u00e0nic amb una \u00e0mplia varietat de serveis de reparaci\u00f3 de vehicles, mec\u00e0nica , xapa, pintura, electricitat i neum\u00e0tics","og_url":"https:\/\/tallerrevaymr.com\/es\/","og_site_name":"tallerrevaymr.com","article_modified_time":"2024-04-15T15:01:14+00:00","og_image":[{"width":2048,"height":1156,"url":"https:\/\/tallerrevaymr.com\/wp-content\/uploads\/2023\/12\/golf-R32-2.jpg","type":"image\/jpeg"}],"twitter_card":"summary_large_image","twitter_misc":{"Tiempo de lectura":"2 minutos"},"schema":{"@context":"https:\/\/schema.org","@graph":[{"@type":"WebPage","@id":"https:\/\/tallerrevaymr.com\/","url":"https:\/\/tallerrevaymr.com\/","name":"Taller Mec\u00e0nic Lli\u00e7\u00e0 de Vall, serveis, reparacions, revisions i m\u00e9s","isPartOf":{"@id":"https:\/\/tallerrevaymr.com\/#website"},"primaryImageOfPage":{"@id":"https:\/\/tallerrevaymr.com\/#primaryimage"},"image":{"@id":"https:\/\/tallerrevaymr.com\/#primaryimage"},"thumbnailUrl":"https:\/\/tallerrevaymr.com\/wp-content\/uploads\/2023\/12\/golf-R32-2.jpg","datePublished":"2023-12-13T09:46:29+00:00","dateModified":"2024-04-15T15:01:14+00:00","description":"Taller mec\u00e0nic amb una \u00e0mplia varietat de serveis de reparaci\u00f3 de vehicles, mec\u00e0nica , xapa, pintura, electricitat i neum\u00e0tics","breadcrumb":{"@id":"https:\/\/tallerrevaymr.com\/#breadcrumb"},"inLanguage":"es","potentialAction":[{"@type":"ReadAction","target":["https:\/\/tallerrevaymr.com\/"]}]},{"@type":"ImageObject","inLanguage":"es","@id":"https:\/\/tallerrevaymr.com\/#primaryimage","url":"https:\/\/tallerrevaymr.com\/wp-content\/uploads\/2023\/12\/golf-R32-2.jpg","contentUrl":"https:\/\/tallerrevaymr.com\/wp-content\/uploads\/2023\/12\/golf-R32-2.jpg","width":2048,"height":1156},{"@type":"BreadcrumbList","@id":"https:\/\/tallerrevaymr.com\/#breadcrumb","itemListElement":[{"@type":"ListItem","position":1,"name":"Portada","item":"https:\/\/tallerrevaymr.com\/"},{"@type":"ListItem","position":2,"name":"INICI"}]},{"@type":"WebSite","@id":"https:\/\/tallerrevaymr.com\/#website","url":"https:\/\/tallerrevaymr.com\/","name":"tallerrevaymr.com","description":"Taller Mec\u00e0nic Amb Una \u00c0mplia Varietat De Serveis De Reparaci\u00f3 De Vehicles","publisher":{"@id":"https:\/\/tallerrevaymr.com\/#organization"},"potentialAction":[{"@type":"SearchAction","target":{"@type":"EntryPoint","urlTemplate":"https:\/\/tallerrevaymr.com\/?s={search_term_string}"},"query-input":"required name=search_term_string"}],"inLanguage":"es"},{"@type":"Organization","@id":"https:\/\/tallerrevaymr.com\/#organization","name":"tallerrevaymr","url":"https:\/\/tallerrevaymr.com\/","logo":{"@type":"ImageObject","inLanguage":"es","@id":"https:\/\/tallerrevaymr.com\/#\/schema\/logo\/image\/","url":"https:\/\/tallerrevaymr.com\/wp-content\/uploads\/2024\/02\/cropped-TALLER-REVAY-1.png","contentUrl":"https:\/\/tallerrevaymr.com\/wp-content\/uploads\/2024\/02\/cropped-TALLER-REVAY-1.png","width":282,"height":131,"caption":"tallerrevaymr"},"image":{"@id":"https:\/\/tallerrevaymr.com\/#\/schema\/logo\/image\/"}}]}},"jetpack_sharing_enabled":true,"_links":{"self":[{"href":"https:\/\/tallerrevaymr.com\/es\/wp-json\/wp\/v2\/pages\/2","targetHints":{"allow":["GET"]}}],"collection":[{"href":"https:\/\/tallerrevaymr.com\/es\/wp-json\/wp\/v2\/pages"}],"about":[{"href":"https:\/\/tallerrevaymr.com\/es\/wp-json\/wp\/v2\/types\/page"}],"author":[{"embeddable":true,"href":"https:\/\/tallerrevaymr.com\/es\/wp-json\/wp\/v2\/users\/1"}],"replies":[{"embeddable":true,"href":"https:\/\/tallerrevaymr.com\/es\/wp-json\/wp\/v2\/comments?post=2"}],"version-history":[{"count":18,"href":"https:\/\/tallerrevaymr.com\/es\/wp-json\/wp\/v2\/pages\/2\/revisions"}],"predecessor-version":[{"id":522,"href":"https:\/\/tallerrevaymr.com\/es\/wp-json\/wp\/v2\/pages\/2\/revisions\/522"}],"wp:featuredmedia":[{"embeddable":true,"href":"https:\/\/tallerrevaymr.com\/es\/wp-json\/wp\/v2\/media\/101"}],"wp:attachment":[{"href":"https:\/\/tallerrevaymr.com\/es\/wp-json\/wp\/v2\/media?parent=2"}],"curies":[{"name":"wp","href":"https:\/\/api.w.org\/{rel}","templated":true}]}}