{"id":392,"date":"2024-03-20T08:46:27","date_gmt":"2024-03-20T08:46:27","guid":{"rendered":"https:\/\/nova.tallerrevaymr.com\/?page_id=392"},"modified":"2024-04-02T15:28:59","modified_gmt":"2024-04-02T15:28:59","slug":"taller-mecanic","status":"publish","type":"page","link":"https:\/\/tallerrevaymr.com\/es\/taller-mecanic\/","title":{"rendered":"TALLER MEC\u00c1NICO"},"content":{"rendered":"<div class=\"section-wrapper\" data-id=\"0bpUVq\"><section class=\"wp-block-gutenverse-section guten-element guten-section guten-0bpUVq layout-boxed align-stretch\"><div class=\"guten-background-overlay\"><\/div><div class=\"guten-shape-divider guten-shape-divider-top\"><\/div><div class=\"guten-shape-divider guten-shape-divider-bottom\"><\/div><div class=\"guten-container guten-column-gap-default\">\n<div class=\"wp-block-gutenverse-column guten-element guten-column guten-uEsC4v\"><div class=\"guten-background-overlay\"><\/div><div class=\"sticky-wrapper\" data-id=\"uEsC4v\"><div class=\"guten-column-wrapper\">\n<p><em>SERVICIO DE TALLER MEC\u00c1NICO ESPECIALIZADO<\/em><\/p>\n\n\n\n<p>Realizamos diferentes revisiones peri\u00f3dicas como las de pre-ITV, dando la tranquilidad y la opci\u00f3n de llevarte el coche a pasar la ITV, hacemos reparaciones , revisiones y cambios de aceite, filtros\u2026 Nos encargamos de que cumplan las perfectas condiciones y su funci\u00f3n en situaciones de velocidad y entorno.<\/p>\n\n\n\n<p>Trabajar con los mejores fabricantes para cumplir con las especificaciones y calidad que un taller mec\u00e1nico en Lli\u00e7\u00e0 de Vall completo como el nuestro te puede ofrecer.<\/p>\n<\/div><\/div><\/div>\n<\/div><\/section><\/div>\n\n\n\n<div class=\"section-wrapper\" data-id=\"Gb8WvK\"><section class=\"wp-block-gutenverse-section guten-element guten-section guten-Gb8WvK layout-boxed align-stretch\"><div class=\"guten-background-overlay\"><\/div><div class=\"guten-shape-divider guten-shape-divider-top\"><\/div><div class=\"guten-shape-divider guten-shape-divider-bottom\"><\/div><div class=\"guten-container guten-column-gap-default\">\n<div class=\"wp-block-gutenverse-column guten-element guten-column guten-YIbIcZ\"><div class=\"guten-background-overlay\"><\/div><div class=\"sticky-wrapper\" data-id=\"YIbIcZ\"><div class=\"guten-column-wrapper\">\n<figure class=\"wp-block-image size-full is-resized\"><img loading=\"lazy\" decoding=\"async\" width=\"371\" height=\"463\" src=\"http:\/\/nova.tallerrevaymr.com\/wp-content\/uploads\/2024\/01\/TALLER_1-1.png\" alt=\"taller 1\" class=\"wp-image-132\" style=\"object-fit:cover;width:526px;height:auto\" srcset=\"https:\/\/tallerrevaymr.com\/wp-content\/uploads\/2024\/01\/TALLER_1-1.png 371w, https:\/\/tallerrevaymr.com\/wp-content\/uploads\/2024\/01\/TALLER_1-1-240x300.png 240w\" sizes=\"auto, (max-width: 371px) 100vw, 371px\" \/><\/figure>\n<\/div><\/div><\/div>\n\n\n\n<div class=\"wp-block-gutenverse-column guten-element guten-column guten-CB5iI3\"><div class=\"guten-background-overlay\"><\/div><div class=\"sticky-wrapper\" data-id=\"CB5iI3\"><div class=\"guten-column-wrapper\">\n<figure class=\"wp-block-image size-full\"><img loading=\"lazy\" decoding=\"async\" width=\"525\" height=\"350\" src=\"http:\/\/nova.tallerrevaymr.com\/wp-content\/uploads\/2024\/01\/TALLER_2-1.png\" alt=\"Taller 2\" class=\"wp-image-133\" srcset=\"https:\/\/tallerrevaymr.com\/wp-content\/uploads\/2024\/01\/TALLER_2-1.png 525w, https:\/\/tallerrevaymr.com\/wp-content\/uploads\/2024\/01\/TALLER_2-1-300x200.png 300w\" sizes=\"auto, (max-width: 525px) 100vw, 525px\" \/><\/figure>\n<\/div><\/div><\/div>\n<\/div><\/section><\/div>","protected":false},"excerpt":{"rendered":"","protected":false},"author":1,"featured_media":0,"parent":0,"menu_order":0,"comment_status":"closed","ping_status":"closed","template":"","meta":{"footnotes":""},"class_list":["post-392","page","type-page","status-publish","hentry"],"yoast_head":"<!-- This site is optimized with the Yoast SEO plugin v22.4 - https:\/\/yoast.com\/wordpress\/plugins\/seo\/ -->\n<title>Taller mec\u00e0nic<\/title>\n<meta name=\"description\" content=\"SERVEI DE TALLER MEC\u00c0NIC ESPECIALTZAT, Realitzem diferents revisions peri\u00f2diques com les de pre-ITV...\" \/>\n<meta name=\"robots\" content=\"index, follow, max-snippet:-1, max-image-preview:large, max-video-preview:-1\" \/>\n<link rel=\"canonical\" href=\"https:\/\/tallerrevaymr.com\/es\/taller-mecanic\/\" \/>\n<meta property=\"og:locale\" content=\"es_ES\" \/>\n<meta property=\"og:type\" content=\"article\" \/>\n<meta property=\"og:title\" content=\"Taller mec\u00e0nic\" \/>\n<meta property=\"og:description\" content=\"SERVEI DE TALLER MEC\u00c0NIC ESPECIALTZAT, Realitzem diferents revisions peri\u00f2diques com les de pre-ITV...\" \/>\n<meta property=\"og:url\" content=\"https:\/\/tallerrevaymr.com\/es\/taller-mecanic\/\" \/>\n<meta property=\"og:site_name\" content=\"tallerrevaymr.com\" \/>\n<meta property=\"article:modified_time\" content=\"2024-04-02T15:28:59+00:00\" \/>\n<meta property=\"og:image\" content=\"http:\/\/nova.tallerrevaymr.com\/wp-content\/uploads\/2024\/01\/TALLER_1-1.png\" \/>\n<meta name=\"twitter:card\" content=\"summary_large_image\" \/>\n<meta name=\"twitter:label1\" content=\"Tiempo de lectura\" \/>\n\t<meta name=\"twitter:data1\" content=\"1 minuto\" \/>\n<script type=\"application\/ld+json\" class=\"yoast-schema-graph\">{\"@context\":\"https:\/\/schema.org\",\"@graph\":[{\"@type\":\"WebPage\",\"@id\":\"https:\/\/tallerrevaymr.com\/taller-mecanic\/\",\"url\":\"https:\/\/tallerrevaymr.com\/taller-mecanic\/\",\"name\":\"Taller mec\u00e0nic\",\"isPartOf\":{\"@id\":\"https:\/\/tallerrevaymr.com\/#website\"},\"primaryImageOfPage\":{\"@id\":\"https:\/\/tallerrevaymr.com\/taller-mecanic\/#primaryimage\"},\"image\":{\"@id\":\"https:\/\/tallerrevaymr.com\/taller-mecanic\/#primaryimage\"},\"thumbnailUrl\":\"http:\/\/nova.tallerrevaymr.com\/wp-content\/uploads\/2024\/01\/TALLER_1-1.png\",\"datePublished\":\"2024-03-20T08:46:27+00:00\",\"dateModified\":\"2024-04-02T15:28:59+00:00\",\"description\":\"SERVEI DE TALLER MEC\u00c0NIC ESPECIALTZAT, Realitzem diferents revisions peri\u00f2diques com les de pre-ITV...\",\"breadcrumb\":{\"@id\":\"https:\/\/tallerrevaymr.com\/taller-mecanic\/#breadcrumb\"},\"inLanguage\":\"es\",\"potentialAction\":[{\"@type\":\"ReadAction\",\"target\":[\"https:\/\/tallerrevaymr.com\/taller-mecanic\/\"]}]},{\"@type\":\"ImageObject\",\"inLanguage\":\"es\",\"@id\":\"https:\/\/tallerrevaymr.com\/taller-mecanic\/#primaryimage\",\"url\":\"http:\/\/nova.tallerrevaymr.com\/wp-content\/uploads\/2024\/01\/TALLER_1-1.png\",\"contentUrl\":\"http:\/\/nova.tallerrevaymr.com\/wp-content\/uploads\/2024\/01\/TALLER_1-1.png\"},{\"@type\":\"BreadcrumbList\",\"@id\":\"https:\/\/tallerrevaymr.com\/taller-mecanic\/#breadcrumb\",\"itemListElement\":[{\"@type\":\"ListItem\",\"position\":1,\"name\":\"Portada\",\"item\":\"https:\/\/tallerrevaymr.com\/\"},{\"@type\":\"ListItem\",\"position\":2,\"name\":\"TALLER MEC\u00c0NIC\"}]},{\"@type\":\"WebSite\",\"@id\":\"https:\/\/tallerrevaymr.com\/#website\",\"url\":\"https:\/\/tallerrevaymr.com\/\",\"name\":\"tallerrevaymr.com\",\"description\":\"Taller Mec\u00e0nic Amb Una \u00c0mplia Varietat De Serveis De Reparaci\u00f3 De Vehicles\",\"publisher\":{\"@id\":\"https:\/\/tallerrevaymr.com\/#organization\"},\"potentialAction\":[{\"@type\":\"SearchAction\",\"target\":{\"@type\":\"EntryPoint\",\"urlTemplate\":\"https:\/\/tallerrevaymr.com\/?s={search_term_string}\"},\"query-input\":\"required name=search_term_string\"}],\"inLanguage\":\"es\"},{\"@type\":\"Organization\",\"@id\":\"https:\/\/tallerrevaymr.com\/#organization\",\"name\":\"tallerrevaymr\",\"url\":\"https:\/\/tallerrevaymr.com\/\",\"logo\":{\"@type\":\"ImageObject\",\"inLanguage\":\"es\",\"@id\":\"https:\/\/tallerrevaymr.com\/#\/schema\/logo\/image\/\",\"url\":\"https:\/\/tallerrevaymr.com\/wp-content\/uploads\/2024\/02\/cropped-TALLER-REVAY-1.png\",\"contentUrl\":\"https:\/\/tallerrevaymr.com\/wp-content\/uploads\/2024\/02\/cropped-TALLER-REVAY-1.png\",\"width\":282,\"height\":131,\"caption\":\"tallerrevaymr\"},\"image\":{\"@id\":\"https:\/\/tallerrevaymr.com\/#\/schema\/logo\/image\/\"}}]}<\/script>\n<!-- \/ Yoast SEO plugin. -->","yoast_head_json":{"title":"Taller mec\u00e0nic","description":"SERVEI DE TALLER MEC\u00c0NIC ESPECIALTZAT, Realitzem diferents revisions peri\u00f2diques com les de pre-ITV...","robots":{"index":"index","follow":"follow","max-snippet":"max-snippet:-1","max-image-preview":"max-image-preview:large","max-video-preview":"max-video-preview:-1"},"canonical":"https:\/\/tallerrevaymr.com\/es\/taller-mecanic\/","og_locale":"es_ES","og_type":"article","og_title":"Taller mec\u00e0nic","og_description":"SERVEI DE TALLER MEC\u00c0NIC ESPECIALTZAT, Realitzem diferents revisions peri\u00f2diques com les de pre-ITV...","og_url":"https:\/\/tallerrevaymr.com\/es\/taller-mecanic\/","og_site_name":"tallerrevaymr.com","article_modified_time":"2024-04-02T15:28:59+00:00","og_image":[{"url":"http:\/\/nova.tallerrevaymr.com\/wp-content\/uploads\/2024\/01\/TALLER_1-1.png"}],"twitter_card":"summary_large_image","twitter_misc":{"Tiempo de lectura":"1 minuto"},"schema":{"@context":"https:\/\/schema.org","@graph":[{"@type":"WebPage","@id":"https:\/\/tallerrevaymr.com\/taller-mecanic\/","url":"https:\/\/tallerrevaymr.com\/taller-mecanic\/","name":"Taller mec\u00e0nic","isPartOf":{"@id":"https:\/\/tallerrevaymr.com\/#website"},"primaryImageOfPage":{"@id":"https:\/\/tallerrevaymr.com\/taller-mecanic\/#primaryimage"},"image":{"@id":"https:\/\/tallerrevaymr.com\/taller-mecanic\/#primaryimage"},"thumbnailUrl":"http:\/\/nova.tallerrevaymr.com\/wp-content\/uploads\/2024\/01\/TALLER_1-1.png","datePublished":"2024-03-20T08:46:27+00:00","dateModified":"2024-04-02T15:28:59+00:00","description":"SERVEI DE TALLER MEC\u00c0NIC ESPECIALTZAT, Realitzem diferents revisions peri\u00f2diques com les de pre-ITV...","breadcrumb":{"@id":"https:\/\/tallerrevaymr.com\/taller-mecanic\/#breadcrumb"},"inLanguage":"es","potentialAction":[{"@type":"ReadAction","target":["https:\/\/tallerrevaymr.com\/taller-mecanic\/"]}]},{"@type":"ImageObject","inLanguage":"es","@id":"https:\/\/tallerrevaymr.com\/taller-mecanic\/#primaryimage","url":"http:\/\/nova.tallerrevaymr.com\/wp-content\/uploads\/2024\/01\/TALLER_1-1.png","contentUrl":"http:\/\/nova.tallerrevaymr.com\/wp-content\/uploads\/2024\/01\/TALLER_1-1.png"},{"@type":"BreadcrumbList","@id":"https:\/\/tallerrevaymr.com\/taller-mecanic\/#breadcrumb","itemListElement":[{"@type":"ListItem","position":1,"name":"Portada","item":"https:\/\/tallerrevaymr.com\/"},{"@type":"ListItem","position":2,"name":"TALLER MEC\u00c0NIC"}]},{"@type":"WebSite","@id":"https:\/\/tallerrevaymr.com\/#website","url":"https:\/\/tallerrevaymr.com\/","name":"tallerrevaymr.com","description":"Taller Mec\u00e0nic Amb Una \u00c0mplia Varietat De Serveis De Reparaci\u00f3 De Vehicles","publisher":{"@id":"https:\/\/tallerrevaymr.com\/#organization"},"potentialAction":[{"@type":"SearchAction","target":{"@type":"EntryPoint","urlTemplate":"https:\/\/tallerrevaymr.com\/?s={search_term_string}"},"query-input":"required name=search_term_string"}],"inLanguage":"es"},{"@type":"Organization","@id":"https:\/\/tallerrevaymr.com\/#organization","name":"tallerrevaymr","url":"https:\/\/tallerrevaymr.com\/","logo":{"@type":"ImageObject","inLanguage":"es","@id":"https:\/\/tallerrevaymr.com\/#\/schema\/logo\/image\/","url":"https:\/\/tallerrevaymr.com\/wp-content\/uploads\/2024\/02\/cropped-TALLER-REVAY-1.png","contentUrl":"https:\/\/tallerrevaymr.com\/wp-content\/uploads\/2024\/02\/cropped-TALLER-REVAY-1.png","width":282,"height":131,"caption":"tallerrevaymr"},"image":{"@id":"https:\/\/tallerrevaymr.com\/#\/schema\/logo\/image\/"}}]}},"jetpack_sharing_enabled":true,"_links":{"self":[{"href":"https:\/\/tallerrevaymr.com\/es\/wp-json\/wp\/v2\/pages\/392","targetHints":{"allow":["GET"]}}],"collection":[{"href":"https:\/\/tallerrevaymr.com\/es\/wp-json\/wp\/v2\/pages"}],"about":[{"href":"https:\/\/tallerrevaymr.com\/es\/wp-json\/wp\/v2\/types\/page"}],"author":[{"embeddable":true,"href":"https:\/\/tallerrevaymr.com\/es\/wp-json\/wp\/v2\/users\/1"}],"replies":[{"embeddable":true,"href":"https:\/\/tallerrevaymr.com\/es\/wp-json\/wp\/v2\/comments?post=392"}],"version-history":[{"count":7,"href":"https:\/\/tallerrevaymr.com\/es\/wp-json\/wp\/v2\/pages\/392\/revisions"}],"predecessor-version":[{"id":567,"href":"https:\/\/tallerrevaymr.com\/es\/wp-json\/wp\/v2\/pages\/392\/revisions\/567"}],"wp:attachment":[{"href":"https:\/\/tallerrevaymr.com\/es\/wp-json\/wp\/v2\/media?parent=392"}],"curies":[{"name":"wp","href":"https:\/\/api.w.org\/{rel}","templated":true}]}}