{"id":408,"date":"2024-03-20T08:58:13","date_gmt":"2024-03-20T08:58:13","guid":{"rendered":"https:\/\/nova.tallerrevaymr.com\/?page_id=408"},"modified":"2024-04-02T15:32:23","modified_gmt":"2024-04-02T15:32:23","slug":"reparacio-de-suspensio-i-canvi-damortiguadors","status":"publish","type":"page","link":"https:\/\/tallerrevaymr.com\/es\/reparacio-de-suspensio-i-canvi-damortiguadors\/","title":{"rendered":"TIPOS DE REPARACIONES"},"content":{"rendered":"<div class=\"section-wrapper\" data-id=\"pBob1L\"><section class=\"wp-block-gutenverse-section guten-element guten-section guten-pBob1L layout-boxed align-stretch\"><div class=\"guten-background-overlay\"><\/div><div class=\"guten-shape-divider guten-shape-divider-top\"><\/div><div class=\"guten-shape-divider guten-shape-divider-bottom\"><\/div><div class=\"guten-container guten-column-gap-default\">\n<div class=\"wp-block-gutenverse-column guten-element guten-column guten-mAFZYN\"><div class=\"guten-background-overlay\"><\/div><div class=\"sticky-wrapper\" data-id=\"mAFZYN\"><div class=\"guten-column-wrapper\">\n<ul class=\"wp-block-list\">\n<li>Cambio de radiadores (motor, aire acondicionado)<\/li>\n\n\n\n<li>Carga y reparaci\u00f3n de equipos de aire acondicionado<\/li>\n\n\n\n<li>Reparaci\u00f3n o cambio de amortiguaci\u00f3n y suspensi\u00f3n<\/li>\n\n\n\n<li>Reparaci\u00f3n o cambio de palieres<\/li>\n\n\n\n<li>Cambio de bombas (aceite, agua, direcci\u00f3n, combustible, etc\u2026)<\/li>\n\n\n\n<li>Reparaci\u00f3n \u00edntegra del motor (juntas, v\u00e1lvulas, pistones, cig\u00fce\u00f1al, etc\u2026)<\/li>\n\n\n\n<li>Diagnosis electr\u00f3nica de aver\u00edas<\/li>\n\n\n\n<li>Otros<\/li>\n<\/ul>\n<\/div><\/div><\/div>\n<\/div><\/section><\/div>","protected":false},"excerpt":{"rendered":"","protected":false},"author":1,"featured_media":0,"parent":0,"menu_order":0,"comment_status":"closed","ping_status":"closed","template":"","meta":{"footnotes":""},"class_list":["post-408","page","type-page","status-publish","hentry"],"yoast_head":"<!-- This site is optimized with the Yoast SEO plugin v22.4 - https:\/\/yoast.com\/wordpress\/plugins\/seo\/ -->\n<title>Tipus de revisions<\/title>\n<meta name=\"description\" content=\"Trobar\u00e0s tot tipus de revisions que realitzem en el nostre taller\" \/>\n<meta name=\"robots\" content=\"index, follow, max-snippet:-1, max-image-preview:large, max-video-preview:-1\" \/>\n<link rel=\"canonical\" href=\"https:\/\/tallerrevaymr.com\/es\/reparacio-de-suspensio-i-canvi-damortiguadors\/\" \/>\n<meta property=\"og:locale\" content=\"es_ES\" \/>\n<meta property=\"og:type\" content=\"article\" \/>\n<meta property=\"og:title\" content=\"Tipus de revisions\" \/>\n<meta property=\"og:description\" content=\"Trobar\u00e0s tot tipus de revisions que realitzem en el nostre taller\" \/>\n<meta property=\"og:url\" content=\"https:\/\/tallerrevaymr.com\/es\/reparacio-de-suspensio-i-canvi-damortiguadors\/\" \/>\n<meta property=\"og:site_name\" content=\"tallerrevaymr.com\" \/>\n<meta property=\"article:modified_time\" content=\"2024-04-02T15:32:23+00:00\" \/>\n<meta name=\"twitter:card\" content=\"summary_large_image\" \/>\n<meta name=\"twitter:label1\" content=\"Tiempo de lectura\" \/>\n\t<meta name=\"twitter:data1\" content=\"1 minuto\" \/>\n<script type=\"application\/ld+json\" class=\"yoast-schema-graph\">{\"@context\":\"https:\/\/schema.org\",\"@graph\":[{\"@type\":\"WebPage\",\"@id\":\"https:\/\/tallerrevaymr.com\/reparacio-de-suspensio-i-canvi-damortiguadors\/\",\"url\":\"https:\/\/tallerrevaymr.com\/reparacio-de-suspensio-i-canvi-damortiguadors\/\",\"name\":\"Tipus de revisions\",\"isPartOf\":{\"@id\":\"https:\/\/tallerrevaymr.com\/#website\"},\"datePublished\":\"2024-03-20T08:58:13+00:00\",\"dateModified\":\"2024-04-02T15:32:23+00:00\",\"description\":\"Trobar\u00e0s tot tipus de revisions que realitzem en el nostre taller\",\"breadcrumb\":{\"@id\":\"https:\/\/tallerrevaymr.com\/reparacio-de-suspensio-i-canvi-damortiguadors\/#breadcrumb\"},\"inLanguage\":\"es\",\"potentialAction\":[{\"@type\":\"ReadAction\",\"target\":[\"https:\/\/tallerrevaymr.com\/reparacio-de-suspensio-i-canvi-damortiguadors\/\"]}]},{\"@type\":\"BreadcrumbList\",\"@id\":\"https:\/\/tallerrevaymr.com\/reparacio-de-suspensio-i-canvi-damortiguadors\/#breadcrumb\",\"itemListElement\":[{\"@type\":\"ListItem\",\"position\":1,\"name\":\"Portada\",\"item\":\"https:\/\/tallerrevaymr.com\/\"},{\"@type\":\"ListItem\",\"position\":2,\"name\":\"TIPUS DE REVISIONS\"}]},{\"@type\":\"WebSite\",\"@id\":\"https:\/\/tallerrevaymr.com\/#website\",\"url\":\"https:\/\/tallerrevaymr.com\/\",\"name\":\"tallerrevaymr.com\",\"description\":\"Taller Mec\u00e0nic Amb Una \u00c0mplia Varietat De Serveis De Reparaci\u00f3 De Vehicles\",\"publisher\":{\"@id\":\"https:\/\/tallerrevaymr.com\/#organization\"},\"potentialAction\":[{\"@type\":\"SearchAction\",\"target\":{\"@type\":\"EntryPoint\",\"urlTemplate\":\"https:\/\/tallerrevaymr.com\/?s={search_term_string}\"},\"query-input\":\"required name=search_term_string\"}],\"inLanguage\":\"es\"},{\"@type\":\"Organization\",\"@id\":\"https:\/\/tallerrevaymr.com\/#organization\",\"name\":\"tallerrevaymr\",\"url\":\"https:\/\/tallerrevaymr.com\/\",\"logo\":{\"@type\":\"ImageObject\",\"inLanguage\":\"es\",\"@id\":\"https:\/\/tallerrevaymr.com\/#\/schema\/logo\/image\/\",\"url\":\"https:\/\/tallerrevaymr.com\/wp-content\/uploads\/2024\/02\/cropped-TALLER-REVAY-1.png\",\"contentUrl\":\"https:\/\/tallerrevaymr.com\/wp-content\/uploads\/2024\/02\/cropped-TALLER-REVAY-1.png\",\"width\":282,\"height\":131,\"caption\":\"tallerrevaymr\"},\"image\":{\"@id\":\"https:\/\/tallerrevaymr.com\/#\/schema\/logo\/image\/\"}}]}<\/script>\n<!-- \/ Yoast SEO plugin. -->","yoast_head_json":{"title":"Tipus de revisions","description":"Trobar\u00e0s tot tipus de revisions que realitzem en el nostre taller","robots":{"index":"index","follow":"follow","max-snippet":"max-snippet:-1","max-image-preview":"max-image-preview:large","max-video-preview":"max-video-preview:-1"},"canonical":"https:\/\/tallerrevaymr.com\/es\/reparacio-de-suspensio-i-canvi-damortiguadors\/","og_locale":"es_ES","og_type":"article","og_title":"Tipus de revisions","og_description":"Trobar\u00e0s tot tipus de revisions que realitzem en el nostre taller","og_url":"https:\/\/tallerrevaymr.com\/es\/reparacio-de-suspensio-i-canvi-damortiguadors\/","og_site_name":"tallerrevaymr.com","article_modified_time":"2024-04-02T15:32:23+00:00","twitter_card":"summary_large_image","twitter_misc":{"Tiempo de lectura":"1 minuto"},"schema":{"@context":"https:\/\/schema.org","@graph":[{"@type":"WebPage","@id":"https:\/\/tallerrevaymr.com\/reparacio-de-suspensio-i-canvi-damortiguadors\/","url":"https:\/\/tallerrevaymr.com\/reparacio-de-suspensio-i-canvi-damortiguadors\/","name":"Tipus de revisions","isPartOf":{"@id":"https:\/\/tallerrevaymr.com\/#website"},"datePublished":"2024-03-20T08:58:13+00:00","dateModified":"2024-04-02T15:32:23+00:00","description":"Trobar\u00e0s tot tipus de revisions que realitzem en el nostre taller","breadcrumb":{"@id":"https:\/\/tallerrevaymr.com\/reparacio-de-suspensio-i-canvi-damortiguadors\/#breadcrumb"},"inLanguage":"es","potentialAction":[{"@type":"ReadAction","target":["https:\/\/tallerrevaymr.com\/reparacio-de-suspensio-i-canvi-damortiguadors\/"]}]},{"@type":"BreadcrumbList","@id":"https:\/\/tallerrevaymr.com\/reparacio-de-suspensio-i-canvi-damortiguadors\/#breadcrumb","itemListElement":[{"@type":"ListItem","position":1,"name":"Portada","item":"https:\/\/tallerrevaymr.com\/"},{"@type":"ListItem","position":2,"name":"TIPUS DE REVISIONS"}]},{"@type":"WebSite","@id":"https:\/\/tallerrevaymr.com\/#website","url":"https:\/\/tallerrevaymr.com\/","name":"tallerrevaymr.com","description":"Taller Mec\u00e0nic Amb Una \u00c0mplia Varietat De Serveis De Reparaci\u00f3 De Vehicles","publisher":{"@id":"https:\/\/tallerrevaymr.com\/#organization"},"potentialAction":[{"@type":"SearchAction","target":{"@type":"EntryPoint","urlTemplate":"https:\/\/tallerrevaymr.com\/?s={search_term_string}"},"query-input":"required name=search_term_string"}],"inLanguage":"es"},{"@type":"Organization","@id":"https:\/\/tallerrevaymr.com\/#organization","name":"tallerrevaymr","url":"https:\/\/tallerrevaymr.com\/","logo":{"@type":"ImageObject","inLanguage":"es","@id":"https:\/\/tallerrevaymr.com\/#\/schema\/logo\/image\/","url":"https:\/\/tallerrevaymr.com\/wp-content\/uploads\/2024\/02\/cropped-TALLER-REVAY-1.png","contentUrl":"https:\/\/tallerrevaymr.com\/wp-content\/uploads\/2024\/02\/cropped-TALLER-REVAY-1.png","width":282,"height":131,"caption":"tallerrevaymr"},"image":{"@id":"https:\/\/tallerrevaymr.com\/#\/schema\/logo\/image\/"}}]}},"jetpack_sharing_enabled":true,"_links":{"self":[{"href":"https:\/\/tallerrevaymr.com\/es\/wp-json\/wp\/v2\/pages\/408","targetHints":{"allow":["GET"]}}],"collection":[{"href":"https:\/\/tallerrevaymr.com\/es\/wp-json\/wp\/v2\/pages"}],"about":[{"href":"https:\/\/tallerrevaymr.com\/es\/wp-json\/wp\/v2\/types\/page"}],"author":[{"embeddable":true,"href":"https:\/\/tallerrevaymr.com\/es\/wp-json\/wp\/v2\/users\/1"}],"replies":[{"embeddable":true,"href":"https:\/\/tallerrevaymr.com\/es\/wp-json\/wp\/v2\/comments?post=408"}],"version-history":[{"count":3,"href":"https:\/\/tallerrevaymr.com\/es\/wp-json\/wp\/v2\/pages\/408\/revisions"}],"predecessor-version":[{"id":570,"href":"https:\/\/tallerrevaymr.com\/es\/wp-json\/wp\/v2\/pages\/408\/revisions\/570"}],"wp:attachment":[{"href":"https:\/\/tallerrevaymr.com\/es\/wp-json\/wp\/v2\/media?parent=408"}],"curies":[{"name":"wp","href":"https:\/\/api.w.org\/{rel}","templated":true}]}}